{"id":27,"date":"2022-01-03T14:32:52","date_gmt":"2022-01-03T14:32:52","guid":{"rendered":"https:\/\/stahlhandel-glauninger.at\/?page_id=27"},"modified":"2022-01-03T15:07:52","modified_gmt":"2022-01-03T15:07:52","slug":"produkte","status":"publish","type":"page","link":"http:\/\/stahlhandel-glauninger.at\/?page_id=27","title":{"rendered":"Produkte"},"content":{"rendered":"\n<p class=\"has-yellow-background-color has-background has-large-font-size\" style=\"line-height:1.8\"><strong><em>Kommerzstahl<\/em><\/strong><\/p>\n\n\n\n<div class=\"wp-block-columns\">\n<div class=\"wp-block-column\" style=\"flex-basis:100%\">\n<ul><li>Stabstahl: <ul><li>in G\u00fcten S 235JR, S 275JR und S 355J2<ul><li>Flachstahl EN 10058, Breitflachstahl EN 59200, Rundstahl EN 10060, Quadratstahl EN 10059, Winkelstahl EN 10056, T-Stahl EN 10055, Bandstahl 30x3mm \/ 40x4mm verzinkt in Ringen, U-Spezial EN 10279, Z-Stahl DIN 1027<\/li><\/ul><\/li><\/ul><\/li><\/ul>\n\n\n\n<p><\/p>\n<\/div>\n<\/div>\n\n\n\n<p class=\"has-black-color has-yellow-background-color has-text-color has-background has-large-font-size\" style=\"line-height:1.8\"><strong><em>Qualit\u00e4tsstahl<\/em><\/strong><\/p>\n\n\n\n<ul><li>Tr\u00e4ger (Formstahl)<ul><li>in G\u00fcten S 235JR, S 275JR und S 355J2<ul><li>UNP n. DIN 1026-1, UPE n. DIN 1026-2, HEA n. DIN 1025-3, HEB n. DIN 1025-2, HEM n. DIN 1025-4, INP n. DIN 1025-1, IPE n. DIN 1025-5<\/li><\/ul><\/li><\/ul><\/li><li>Bleche<ul><li>Kaltband EN 10139 G\u00fcte DC 01 C 490<\/li><li>Warmband EN 10025 G\u00fcte S 235JR<\/li><li>Warmband EN 10111 G\u00fcte DD 11, DD 12 u. DD 13<\/li><li>Feinbleche kaltgewalzt G\u00fcte DC 01<\/li><li>Feinbleche feuerverzinkt G\u00fcte DX51D+Z275MAC<\/li><li>Feinbleche ELO-verzinkt G\u00fcte DC01A+ZE25<\/li><li>Mittelbleche warmgewalzt G\u00fcte S 235JR<\/li><li>Grobbleche warmgewalzt G\u00fcte S 235JR<\/li><li>Grobbleche warmgewalzt G\u00fcte S 355N, S 355NL<\/li><li>Grobbleche warmgewalzt G\u00fcte S 420N, S 420NL, S 460N, S 460NL<\/li><li>Kesselbleche G\u00fcte P 235GH, P 265GH, P295GH, P355GH, 16Mo3<\/li><li>Kesselbleche G\u00fcte P 275N, P 275NH, P 275NL1, P 275NL2, P 355N, P 355NH<\/li><li>Kesselblech G\u00fcte P 355NL1, P 355NL2, P 460N, P 460NH, P460NL1, P 460NL2<\/li><li>Grobbleche warmgewalzt G\u00fcte C15, C45, C60, 16MnCr5, 28Mn6, 34CrMo4<\/li><li>Quartobleche G\u00fcte S 235JR und S 355J2+N<\/li><li>wetterfeste Baustahlbleche WNr. 1.8946 G\u00fcte S355J2WP (Cortenstahl A)<\/li><li>wetterfeste Baustahlbleche WNr. 1.8963 G\u00fcte S355J2G1W (Cortenstahl B)<\/li><li>Riffelbleche G\u00fcte S 235JR<\/li><li>Tr\u00e4nenbleche G\u00fcte S 235JR<\/li><li>Feinkornblech S 355MC \/ QSTE 380TM<\/li><li>Feinkornblech G\u00fcte S 700MC \/ QSTE 690TM<\/li><li>verschlei\u00dffeste Bleche mind. 360HB Festigkeit<\/li><li>Garagentorbleche verzinkt G\u00fcte DX 51D+Z275<\/li><li>Lochbleche schwarz + verzinkt<\/li><\/ul><\/li><li>Rohre<ul><li>Formrohre und Hohlprofile DIN 2395, EN 10219 und EN 10210 G\u00fcte S 235\/S 275\/S 355<\/li><li>U- und Winkelprofile DIN 59413 EN 10025 G\u00fcte S 235JR<\/li><li> Anschlagrohre EN 10025, EN 10147, EN 10162<\/li><li>Glashalteleiste OG 12, GL 15, GL 20, GL 25 aus sendzimirverzinktem Band<\/li><li>Rundrohre DIN 2458, DIN 2458 G\u00fcte St 33 bzw. St 37<\/li><li>C-Stahlrohre galvanisiert nach EN 10305-3<\/li><li>Gewinderohre DIN 2440\/DIN 2444 G\u00fcte St 33.2 und verzinkt<\/li><li>Dampfrohre DIN 2441 G\u00fcte St 33.2<\/li><li>nahtlose Stahlrohre DIN 2448 G\u00fcte S 355J2H<\/li><li>Pr\u00e4zisionsrohre nahtlos DIN 2391G\u00fcte St 35<\/li><li>Pr\u00e4zisionsrohre geschwei\u00dft DIN 2394 G\u00fcte St 35<\/li><li>Rohrbogen nahtlos DIN 2605 G\u00fcte St 37<\/li><\/ul><\/li><\/ul>\n\n\n\n<p class=\"has-yellow-background-color has-background has-large-font-size\" style=\"line-height:1.8\"><strong><em>Edelstahl + Alu<\/em><\/strong><\/p>\n\n\n\n<ul><li>Niro-Tr\u00e4nenbleche EN 10088-2 (Mantorla) WNr. 1.4301 u. WNr. \u00a0\u00a0\u00a0\u00a0 1.4571<\/li><li>Alu-Warzenbleche EN AW 5754 H114 AlMg 3<\/li><li>Niro-Lochbleche Wnr. 1.4301 u. WNr. 1.4571<\/li><li> Alu-Lochbleche Al 99,5<\/li><li>Nirobleche kaltgewalzt EN 10088-2 Wnr. 1.4301<\/li><li>Nirobleche kaltgewalzt, EN 10088-2 einseitig geschliffen K 220\/240 WNr. 1.4301<\/li><li>Nirobleche hochglanz, kaltgewalzt EN 10088-2 WNr. 1.4301<\/li><li>Nirobleche geb\u00fcrstet, kaltgewalzt EN 10088-2 WNr. 1.4301<\/li><li>Nirobleche kaltgewalzt EN 10088-2 WNr. 1.4404<\/li><li>Nirobleche geb\u00fcrstet kaltgewalzt EN 10088-2 WNr. 1.4404<\/li><li>Nirobleche kaltgewalzt EN 10088-2 einseitig geschliffen K 220\/240 WNr. 1.4301<\/li><li>Nirobleche kaltgewalzt EN 10088-2 WNr. 1.4571<\/li><li>Nirobleche warmgewalzt EN 10088-2 WNr. 1.4571<\/li><li>Alubleche EN AW 5005A H14, natureloxiert AlMg 1<\/li><li>Alubleche EN AW 1050A beidseitig matt Al 99,5<\/li><li>Alubleche EN AW 5754 G22 AlMg 3<\/li><li>Flach warmgewalzt u. aus Warmband geschnitten EN 10088-3 WNr. 1.4301<\/li><li>Quadratstahl gewalzt EN 10088-3 WNr. 1.4301<\/li><li>Rundstahl EN 10088-3 DIN 671 h9 WNr. 1.4301<\/li><li>Rundstahl EN 10088-3 DIN 671 h9 WNr. 1.4104 u. WNr. 1.4305<\/li><li>Flachstahl geschliffen EN 10088-3 WNr. 1.4301<\/li><li>Flachstahl EN AW 6060 F22 AlMgSi 0,5<\/li><li>Winkelstahl EN 10088-3 WNr. 1.4301<\/li><li>Quadratstahl blank EN 10088-3 DIN 178 WNr. 1.4301<\/li><li>Formrohre EN 10088 WNr. 1.4301<\/li><li>Formrohre EN AW 6060 F22 AlMgSi 0,5<\/li><li>Rohrbogen DIN 2605 WNr. 1.4301<\/li><li>K-Rohre EN 10088 geschwei\u00dft, ungegl\u00fcht WNr. 1.4301<\/li><li>Dekorohre EN 10088 geschwei\u00dft, ungegl\u00fcht, geschliffen K 220\/240 WNr. 1.4301<\/li><li>Edelstahlrohre EN 10312\/EN 10217-7 WNr. 1.4401 mit DVGW-Registrierung<\/li><li>Edelstahlrohre EN 10296-2 WNr. 1.4521 mit DVGW-Registrierung<\/li><li>Rohre hochglanzpoliert EN 10088 WNr. 1.4301<\/li><li>Rundrohre EN AW 6060 gepresst F 22 AlMgSi 0,5<\/li><li>Winkelprofile EN AW 6060, F 22, gepresst ALMgSi 0,5<\/li><li>U-Profile EN AW 6060, F 22, gepresst, scharfkantig AlMgSi 0,5<\/li><li>T-Profile EN AW 6060, F 22, gepresst, scharfkantig AlMgSi 0,5<\/li><li>Edelstahlrohre G\u00fcte TP 304L \/ TP 316L ASME B36 10M-1996<\/li><li>Edelstahlrohe WNr. 1.4539\u00a0\/ UNS N08904 nach ASTM A312 \/ DIN EN 20217-7(DIN 17457)<\/li><li>Duplex-rohre WNr. 1.4462\u00a0\/ UNS\u00a0S31803 \/ UNS S32205\u00a0nach ASTM A928 \/ DIN EN 20217-7(DIN 17457)<\/li><li>Edelstahlrohre WNr. 1.4541 und WNr. 1.4571 nach DIN EN 10217-7(DIN 17457)<\/li><li>Lebensmittelrohre WNr. 1.4301\/1.4307\/TP 304L\/1.4404\/TP 316L nach DIN 11850 Ausg. 10\/1999<\/li><li>Molchbare Edelstahlrohre WNr. 1.4307\/TP 304L\/1.4404\/TP 316 nach DIN 2430-1 Ausg. 09\/2001<\/li><li>Aluminiumrohre gepresst EN AW 6060, EN AW-5754 nach DIN EN 755<\/li><li>Hitzebest\u00e4ndiger Stahl WNr. 1.4828, WNr. 1.4841 u. WNr. 1.4878-\u00a0\u00a0\u00a0<\/li><li>Manganstahl X120Mn12 bzw. WNr. 1.3401<\/li><\/ul>\n\n\n\n<p class=\"has-yellow-background-color has-background has-large-font-size\" style=\"line-height:1.8\"><strong><em>Blankstahl<\/em><\/strong><\/p>\n\n\n\n<ul><li>Rundstahl DIN 671 \/ DIN 668 h11 G\u00fcte St 52.3+C\/SH<\/li><li>Rundstahl EN 10278\/IS 286-h6 geschliffen C45+SL<\/li><li>Rundstahl DIN 671 h9 G\u00fcte C35+C\/SH<\/li><li>Automatenstahl DIN 671 h9 G\u00fcte 9SMn28+C\/SH<\/li><li>Rundstahl DIN 671 h9 EN 10277-5<\/li><li>Rundstahl DIN 671 EN 10277 G\u00fcte 16MnCrS5+A+C<\/li><li>Silberstahl DIN 175 ISO h8 poliert G\u00fcte 115CrV3<\/li><li>Flachstahl DIN 174 G\u00fcte St 37.2+C u. G\u00fcte St 52.3+C u. G\u00fcte \u00a0\u00a0\u00a0\u00a0 C45+C<\/li><li>Keilstahl DIN 6880 G\u00fcte C45+C<\/li><li>Quadratstahl DIN 178 (h11) G\u00fcte St 37.2+C u. G\u00fcte St 52K u. \u00a0\u00a0\u00a0\u00a0 G\u00fcte C45+C<\/li><li>Automatenstahl Rundstahl G\u00fcte S 355J0<\/li><li>Rundstahl C 45E<\/li><li>Rundstahl 42CrMo4+QT<\/li><li>Rundstahl 16MnCr5G<\/li><li>Flachstahl G\u00fcte S 355J0<\/li><li>Quadratstahl S 355J0<\/li><li>Quadratstahl C 45E<\/li><li>Quadratstahl 16MnCr5\/16nCrS5<\/li><li>Sechskant DIN 176 9SMnPb36+C<\/li><li>Sechskantstahl DIN 176 G\u00fcte C45+C<\/li><li>Sechskantstahl DIN 176 42CrMoS4+QT+C<\/li><\/ul>\n\n\n\n<p class=\"has-yellow-background-color has-background has-large-font-size\" style=\"line-height:1.8\"><strong><em>Bewehrungsstahl<\/em><\/strong><\/p>\n\n\n\n<ul><li>Betonrippenstahl nach \u00d6NORM B-4200\/Teil 7 G\u00fcte BSt 550<\/li><li>Baustahlgitter nach \u00d6NORM B-4200<\/li><li>Schlaufenmatten nach \u00d6NORM B-4200<\/li><li>Distanzstreifen<\/li><\/ul>\n\n\n\n<p class=\"has-yellow-background-color has-background has-large-font-size\" style=\"line-height:1.8\"><strong><em>Paneele<\/em><\/strong><\/p>\n\n\n\n<ul><li>Wandpaneele: Holz-, Stahl- und Ziegeloptik, Standard-RAL-Farbton<\/li><li>Dachpaneele: in Standard-RAL-Farbton<\/li><li>mit Polyurtehanschaum bzw. Steinwolle (Brandschutz)<\/li><li>Ila -Paneele auf Anfrage auch lieferbar<\/li><li>Baubreite generell 1.000mm, L\u00e4ngen nach Ma\u00df<\/li><\/ul>\n\n\n\n<p class=\"has-yellow-background-color has-background has-large-font-size\" style=\"line-height:1.8\"><em><strong>Trapezbleche verzinkt beschichtet<\/strong><\/em><\/p>\n","protected":false},"excerpt":{"rendered":"<p>Kommerzstahl Stabstahl: in G\u00fcten S 235JR, S 275JR und S 355J2 Flachstahl EN 10058, Breitflachstahl EN 59200, Rundstahl EN 10060, Quadratstahl EN 10059, Winkelstahl EN 10056, T-Stahl EN 10055, Bandstahl 30x3mm \/ 40x4mm verzinkt in Ringen, U-Spezial EN 10279, Z-Stahl DIN 1027 Qualit\u00e4tsstahl Tr\u00e4ger (Formstahl) in G\u00fcten S 235JR, S 275JR und S 355J2 UNP&hellip; <a class=\"more-link\" href=\"http:\/\/stahlhandel-glauninger.at\/?page_id=27\"><span class=\"screen-reader-text\">Produkte<\/span> weiterlesen<\/a><\/p>\n","protected":false},"author":1,"featured_media":0,"parent":2,"menu_order":0,"comment_status":"closed","ping_status":"closed","template":"","meta":[],"_links":{"self":[{"href":"http:\/\/stahlhandel-glauninger.at\/index.php?rest_route=\/wp\/v2\/pages\/27"}],"collection":[{"href":"http:\/\/stahlhandel-glauninger.at\/index.php?rest_route=\/wp\/v2\/pages"}],"about":[{"href":"http:\/\/stahlhandel-glauninger.at\/index.php?rest_route=\/wp\/v2\/types\/page"}],"author":[{"embeddable":true,"href":"http:\/\/stahlhandel-glauninger.at\/index.php?rest_route=\/wp\/v2\/users\/1"}],"replies":[{"embeddable":true,"href":"http:\/\/stahlhandel-glauninger.at\/index.php?rest_route=%2Fwp%2Fv2%2Fcomments&post=27"}],"version-history":[{"count":7,"href":"http:\/\/stahlhandel-glauninger.at\/index.php?rest_route=\/wp\/v2\/pages\/27\/revisions"}],"predecessor-version":[{"id":54,"href":"http:\/\/stahlhandel-glauninger.at\/index.php?rest_route=\/wp\/v2\/pages\/27\/revisions\/54"}],"up":[{"embeddable":true,"href":"http:\/\/stahlhandel-glauninger.at\/index.php?rest_route=\/wp\/v2\/pages\/2"}],"wp:attachment":[{"href":"http:\/\/stahlhandel-glauninger.at\/index.php?rest_route=%2Fwp%2Fv2%2Fmedia&parent=27"}],"curies":[{"name":"wp","href":"https:\/\/api.w.org\/{rel}","templated":true}]}}