{"id":29,"date":"2022-01-03T14:32:52","date_gmt":"2022-01-03T14:32:52","guid":{"rendered":"https:\/\/stahlhandel-glauninger.at\/?page_id=29"},"modified":"2022-01-06T10:13:47","modified_gmt":"2022-01-06T10:13:47","slug":"dienste","status":"publish","type":"page","link":"http:\/\/stahlhandel-glauninger.at\/?page_id=29","title":{"rendered":"Dienste"},"content":{"rendered":"\n<p class=\"has-yellow-background-color has-background has-large-font-size\" style=\"line-height:1.8\"><strong>Dienste an Gewerbekunden<\/strong><\/p>\n\n\n\n<ul><li>Vermittlung fertiger Stahlkomponenten<\/li><li>Durchlaufsandstrahlung\/Konservierung<\/li><li>Blechanarbeitung (Wasserstrahl-, Laser-, Plasma-, Autogenzuschnitte inkl. Kanten und Schwei\u00dffasenanarbeitung im d\u00fcnn- und dickwandigen Blechbereich)<\/li><li>Tr\u00e4gerfixl\u00e4ngung, Bohrung, Flanschanschweissung<\/li><li>Gehrungsschnittbilder <\/li><li>Normroste, Gitterroste, Treppenroste feuerverzinkt auch in Sondergr\u00f6\u00dfen<\/li><li>Edelstahlroste auch in Sondergr\u00f6\u00dfen AVI-Gittermatten<\/li><li>Streckmetall<\/li><li>Blitzschutzdraht<\/li><li>gebrauchte und neue Spundbohlen<\/li><li>Lawinenverbau<\/li><li>Wand- und Dachsandwichpaneele<\/li><li>Trapezbleche verzinkt und beschichtet<\/li><li>L\u00e4rmschutzw\u00e4nde<\/li><\/ul>\n\n\n\n<p class=\"has-yellow-background-color has-background has-large-font-size\" style=\"line-height:1.8\">Dienste an Privatkunden<\/p>\n\n\n\n<ul><li>Carports<\/li><li>Hochbeete<\/li><li>Baus\u00e4tze:<ul><li>4m*1m\/4m*1,5m<\/li><li>3m*1m\/3m*1,5m<\/li><li>H\u00f6he jeweils 1m (ca. 80 cm Arbeitsh\u00f6he)<\/li><\/ul><\/li><li>Jeder Bausatz besteht aus:<ul><li>4 Stk. Paneele in Holzdekor, Grauwei\u00df oder Silber<\/li><li>4 Stk. Eckstecker vorgebohrt verzinkt<\/li><li>U-Alukantprofil als oberer Abschlu\u00df in RAL-Standard-Farbe<\/li><li>Alukantprofil als Schneckenschutz in RAL-Standard-Farbe<\/li><li>Niroschrauben und Nirogewindestangen sowie Farbnieten.<\/li><\/ul><\/li><li>Sichtschutzz\u00e4une<\/li><li>Gel\u00e4nder oder Z\u00e4une in Alu- bzw. Edelstahlausf\u00fchrung<\/li><li>Glas\u00fcberdachungen<\/li><li>Einfahrtstore<\/li><li>gebrauchte Wand- und Dachsandwichpaneele<\/li><li>Trapezbleche verzinkt und beschichtet<\/li><li>Fertiggaragen<\/li><li>Spenglerartikel verzinkt- oder alubeschichtet<\/li><li>Blechkantteile aus verzinkt- oder alubeschichtetem Blech<\/li><li>Winterg\u00e4rten<\/li><li>Blechd\u00e4cher in Trapez oder Ziegelform<\/li><li>Sektional- \/Rollotore<\/li><\/ul>\n\n\n\n<p>(Preise auf Anfrage)<\/p>\n","protected":false},"excerpt":{"rendered":"<p>Dienste an Gewerbekunden Vermittlung fertiger Stahlkomponenten Durchlaufsandstrahlung\/Konservierung Blechanarbeitung (Wasserstrahl-, Laser-, Plasma-, Autogenzuschnitte inkl. Kanten und Schwei\u00dffasenanarbeitung im d\u00fcnn- und dickwandigen Blechbereich) Tr\u00e4gerfixl\u00e4ngung, Bohrung, Flanschanschweissung Gehrungsschnittbilder Normroste, Gitterroste, Treppenroste feuerverzinkt auch in Sondergr\u00f6\u00dfen Edelstahlroste auch in Sondergr\u00f6\u00dfen AVI-Gittermatten Streckmetall Blitzschutzdraht gebrauchte und neue Spundbohlen Lawinenverbau Wand- und Dachsandwichpaneele Trapezbleche verzinkt und beschichtet L\u00e4rmschutzw\u00e4nde Dienste an Privatkunden&hellip; <a class=\"more-link\" href=\"http:\/\/stahlhandel-glauninger.at\/?page_id=29\"><span class=\"screen-reader-text\">Dienste<\/span> weiterlesen<\/a><\/p>\n","protected":false},"author":1,"featured_media":0,"parent":2,"menu_order":0,"comment_status":"closed","ping_status":"closed","template":"","meta":[],"_links":{"self":[{"href":"http:\/\/stahlhandel-glauninger.at\/index.php?rest_route=\/wp\/v2\/pages\/29"}],"collection":[{"href":"http:\/\/stahlhandel-glauninger.at\/index.php?rest_route=\/wp\/v2\/pages"}],"about":[{"href":"http:\/\/stahlhandel-glauninger.at\/index.php?rest_route=\/wp\/v2\/types\/page"}],"author":[{"embeddable":true,"href":"http:\/\/stahlhandel-glauninger.at\/index.php?rest_route=\/wp\/v2\/users\/1"}],"replies":[{"embeddable":true,"href":"http:\/\/stahlhandel-glauninger.at\/index.php?rest_route=%2Fwp%2Fv2%2Fcomments&post=29"}],"version-history":[{"count":3,"href":"http:\/\/stahlhandel-glauninger.at\/index.php?rest_route=\/wp\/v2\/pages\/29\/revisions"}],"predecessor-version":[{"id":346,"href":"http:\/\/stahlhandel-glauninger.at\/index.php?rest_route=\/wp\/v2\/pages\/29\/revisions\/346"}],"up":[{"embeddable":true,"href":"http:\/\/stahlhandel-glauninger.at\/index.php?rest_route=\/wp\/v2\/pages\/2"}],"wp:attachment":[{"href":"http:\/\/stahlhandel-glauninger.at\/index.php?rest_route=%2Fwp%2Fv2%2Fmedia&parent=29"}],"curies":[{"name":"wp","href":"https:\/\/api.w.org\/{rel}","templated":true}]}}