{"id":30,"date":"2022-01-03T14:32:52","date_gmt":"2022-01-03T14:32:52","guid":{"rendered":"https:\/\/stahlhandel-glauninger.at\/?page_id=30"},"modified":"2022-01-12T16:37:49","modified_gmt":"2022-01-12T16:37:49","slug":"mitarbeiter","status":"publish","type":"page","link":"http:\/\/stahlhandel-glauninger.at\/?page_id=30","title":{"rendered":"Mitarbeiter"},"content":{"rendered":"\n<div class=\"wp-block-columns\">\n<div class=\"wp-block-column\">\n<p>G\u00fcnter Glauninger Gesch\u00e4ftsf\u00fchrer<\/p>\n<\/div>\n\n\n\n<div class=\"wp-block-column\">\n<figure class=\"wp-block-image size-full\"><img loading=\"lazy\" width=\"1024\" height=\"768\" src=\"http:\/\/stahlhandel-glauninger.at\/wp-content\/uploads\/2022\/01\/chef.jpg\" alt=\"\" class=\"wp-image-58\" srcset=\"http:\/\/stahlhandel-glauninger.at\/wp-content\/uploads\/2022\/01\/chef.jpg 1024w, http:\/\/stahlhandel-glauninger.at\/wp-content\/uploads\/2022\/01\/chef-300x225.jpg 300w, http:\/\/stahlhandel-glauninger.at\/wp-content\/uploads\/2022\/01\/chef-768x576.jpg 768w\" sizes=\"(max-width: 1024px) 100vw, 1024px\" \/><\/figure>\n<\/div>\n<\/div>\n\n\n\n<p>Hermine Pogner <\/p>\n\n\n\n<p style=\"line-height:0\">Buchhaltung, Administration<\/p>\n","protected":false},"excerpt":{"rendered":"<p>G\u00fcnter Glauninger Gesch\u00e4ftsf\u00fchrer Hermine Pogner Buchhaltung, Administration<\/p>\n","protected":false},"author":1,"featured_media":0,"parent":2,"menu_order":0,"comment_status":"closed","ping_status":"closed","template":"","meta":[],"_links":{"self":[{"href":"http:\/\/stahlhandel-glauninger.at\/index.php?rest_route=\/wp\/v2\/pages\/30"}],"collection":[{"href":"http:\/\/stahlhandel-glauninger.at\/index.php?rest_route=\/wp\/v2\/pages"}],"about":[{"href":"http:\/\/stahlhandel-glauninger.at\/index.php?rest_route=\/wp\/v2\/types\/page"}],"author":[{"embeddable":true,"href":"http:\/\/stahlhandel-glauninger.at\/index.php?rest_route=\/wp\/v2\/users\/1"}],"replies":[{"embeddable":true,"href":"http:\/\/stahlhandel-glauninger.at\/index.php?rest_route=%2Fwp%2Fv2%2Fcomments&post=30"}],"version-history":[{"count":4,"href":"http:\/\/stahlhandel-glauninger.at\/index.php?rest_route=\/wp\/v2\/pages\/30\/revisions"}],"predecessor-version":[{"id":423,"href":"http:\/\/stahlhandel-glauninger.at\/index.php?rest_route=\/wp\/v2\/pages\/30\/revisions\/423"}],"up":[{"embeddable":true,"href":"http:\/\/stahlhandel-glauninger.at\/index.php?rest_route=\/wp\/v2\/pages\/2"}],"wp:attachment":[{"href":"http:\/\/stahlhandel-glauninger.at\/index.php?rest_route=%2Fwp%2Fv2%2Fmedia&parent=30"}],"curies":[{"name":"wp","href":"https:\/\/api.w.org\/{rel}","templated":true}]}}