{"id":32,"date":"2022-01-03T14:32:52","date_gmt":"2022-01-03T14:32:52","guid":{"rendered":"https:\/\/stahlhandel-glauninger.at\/?page_id=32"},"modified":"2024-03-02T19:05:53","modified_gmt":"2024-03-02T19:05:53","slug":"impressum","status":"publish","type":"page","link":"http:\/\/stahlhandel-glauninger.at\/?page_id=32","title":{"rendered":"Impressum"},"content":{"rendered":"\n<p>GLAUNINGER G\u00dcNTER<br>Stahlhandel e. U.<br>Buchkogelweg 6<br>A-8403 Lebring<br>UID-Nr. ATU 57617555<br>Firmenbuchnummer: FN 345157i<br>EORI-Nummer: ATEOS1000040948<\/p>\n\n\n\n<p>&#8212;&#8212;&#8212;&#8212;&#8212;&#8212;&#8212;&#8212;&#8212;&#8212;&#8212;&#8212;&#8212;&#8212;&#8212;&#8212;&#8212;&#8212;&#8212;&#8212;&#8212;&#8212;&#8212;&#8212;&#8212;-<\/p>\n\n\n\n<p>Haftung f\u00fcr Inhalte dieser Website<\/p>\n\n\n\n<p>Alle Inhalte dieser Webseite (Bilder, Fotos, Texte) unterliegen dem Urheberrecht.<\/p>\n\n\n\n<p>Bevor Sie die Inhalte dieser Website verbreiten, vervielf\u00e4ltigen oder verwerten muss Einwilligung der Gesch\u00e4ftsf\u00fchrung eingeholt werden.<\/p>\n\n\n\n<p>Die unerlaubte Nutzung von Teilen der Inhalte unserer Seite wird rechtlich verfolgt.<\/p>\n\n\n\n<p>Sollten Sie auf dieser Webseite Inhalte finden, die das Urheberrecht verletzen, bitten wir Sie uns zu kontaktieren.<\/p>\n\n\n\n<p>Leider k\u00f6nnen wir keine Haftung f\u00fcr die Korrektheit aller Inhalte auf dieser Website \u00fcbernehmen, speziell f\u00fcr jene, die seitens Dritter bereitgestellt wurden.<\/p>\n\n\n\n<p>Als Dienstanbieter sind wir nicht verpflichtet, die von ihnen \u00fcbermittelten oder gespeicherten Informationen zu \u00fcberwachen oder nach Umst\u00e4nden zu forschen, die auf eine rechtswidrige T\u00e4tigkeit hinweisen.<\/p>\n\n\n\n<p>Unsere Verpflichtungen zur Entfernung von Informationen oder zur Sperrung der Nutzung von Informationen nach den allgemeinen Gesetzen aufgrund von gerichtlichen oder beh\u00f6rdlichen Anordnungen bleiben auch im Falle unserer Nichtverantwortlichkeit davon unber\u00fchrt.<\/p>\n\n\n\n<p>Sollten Ihnen problematische oder rechtswidrige Inhalte auffallen, bitte wir Sie uns umgehend zu kontaktieren, damit wir die rechtswidrigen Inhalte entfernen k\u00f6nnen.<\/p>\n\n\n\n<p>Urheberrechtshinweis<\/p>\n","protected":false},"excerpt":{"rendered":"<p>GLAUNINGER G\u00dcNTERStahlhandel e. U.Buchkogelweg 6A-8403 LebringUID-Nr. ATU 57617555Firmenbuchnummer: FN 345157iEORI-Nummer: ATEOS1000040948 &#8212;&#8212;&#8212;&#8212;&#8212;&#8212;&#8212;&#8212;&#8212;&#8212;&#8212;&#8212;&#8212;&#8212;&#8212;&#8212;&#8212;&#8212;&#8212;&#8212;&#8212;&#8212;&#8212;&#8212;&#8212;- Haftung f\u00fcr Inhalte dieser Website Alle Inhalte dieser Webseite (Bilder, Fotos, Texte) unterliegen dem Urheberrecht. Bevor Sie die Inhalte dieser Website verbreiten, vervielf\u00e4ltigen oder verwerten muss Einwilligung der Gesch\u00e4ftsf\u00fchrung eingeholt werden. Die unerlaubte Nutzung von Teilen der Inhalte unserer Seite wird rechtlich verfolgt.&hellip; <a class=\"more-link\" href=\"http:\/\/stahlhandel-glauninger.at\/?page_id=32\"><span class=\"screen-reader-text\">Impressum<\/span> weiterlesen<\/a><\/p>\n","protected":false},"author":1,"featured_media":0,"parent":2,"menu_order":0,"comment_status":"closed","ping_status":"closed","template":"","meta":[],"_links":{"self":[{"href":"http:\/\/stahlhandel-glauninger.at\/index.php?rest_route=\/wp\/v2\/pages\/32"}],"collection":[{"href":"http:\/\/stahlhandel-glauninger.at\/index.php?rest_route=\/wp\/v2\/pages"}],"about":[{"href":"http:\/\/stahlhandel-glauninger.at\/index.php?rest_route=\/wp\/v2\/types\/page"}],"author":[{"embeddable":true,"href":"http:\/\/stahlhandel-glauninger.at\/index.php?rest_route=\/wp\/v2\/users\/1"}],"replies":[{"embeddable":true,"href":"http:\/\/stahlhandel-glauninger.at\/index.php?rest_route=%2Fwp%2Fv2%2Fcomments&post=32"}],"version-history":[{"count":3,"href":"http:\/\/stahlhandel-glauninger.at\/index.php?rest_route=\/wp\/v2\/pages\/32\/revisions"}],"predecessor-version":[{"id":450,"href":"http:\/\/stahlhandel-glauninger.at\/index.php?rest_route=\/wp\/v2\/pages\/32\/revisions\/450"}],"up":[{"embeddable":true,"href":"http:\/\/stahlhandel-glauninger.at\/index.php?rest_route=\/wp\/v2\/pages\/2"}],"wp:attachment":[{"href":"http:\/\/stahlhandel-glauninger.at\/index.php?rest_route=%2Fwp%2Fv2%2Fmedia&parent=32"}],"curies":[{"name":"wp","href":"https:\/\/api.w.org\/{rel}","templated":true}]}}