{"id":33,"date":"2022-01-03T14:32:52","date_gmt":"2022-01-03T14:32:52","guid":{"rendered":"https:\/\/stahlhandel-glauninger.at\/?page_id=33"},"modified":"2024-08-21T14:29:51","modified_gmt":"2024-08-21T14:29:51","slug":"referenzen","status":"publish","type":"page","link":"http:\/\/stahlhandel-glauninger.at\/?page_id=33","title":{"rendered":"Referenzen"},"content":{"rendered":"\n<div class=\"wp-block-columns\">\n<div class=\"wp-block-column\" style=\"flex-basis:33.33%\">\n<p>Stahlkonstruktion:<\/p>\n<\/div>\n\n\n\n<div class=\"wp-block-column\" style=\"flex-basis:66.66%\">\n<p><a href=\"http:\/\/stahlhandel-glauninger.at\/?page_id=68\" data-type=\"URL\" data-id=\"http:\/\/stahlhandel-glauninger.at\/?page_id=68\">Bilder<\/a><\/p>\n<\/div>\n<\/div>\n\n\n\n<div class=\"wp-block-columns\">\n<div class=\"wp-block-column\" style=\"flex-basis:33.33%\">\n<p>Hallenbau:<\/p>\n<\/div>\n\n\n\n<div class=\"wp-block-column\" style=\"flex-basis:66.66%\">\n<p><a href=\"http:\/\/stahlhandel-glauninger.at\/?page_id=129\" data-type=\"URL\" data-id=\"http:\/\/stahlhandel-glauninger.at\/?page_id=129\">Bilder<\/a><\/p>\n<\/div>\n<\/div>\n\n\n\n<div class=\"wp-block-columns\">\n<div class=\"wp-block-column\" style=\"flex-basis:33.33%\">\n<p>Maschinenbauteil:<\/p>\n<\/div>\n\n\n\n<div class=\"wp-block-column\" style=\"flex-basis:66.66%\">\n<p><a href=\"http:\/\/stahlhandel-glauninger.at\/?page_id=143\" data-type=\"URL\" data-id=\"http:\/\/stahlhandel-glauninger.at\/?page_id=143\">Bilder<\/a><\/p>\n<\/div>\n<\/div>\n\n\n\n<div class=\"wp-block-columns\">\n<div class=\"wp-block-column\" style=\"flex-basis:33.33%\">\n<p>k\u00fcnstliche Murinseln:<\/p>\n<\/div>\n\n\n\n<div class=\"wp-block-column\" style=\"flex-basis:66.66%\">\n<p><a href=\"http:\/\/stahlhandel-glauninger.at\/?page_id=155\" data-type=\"URL\" data-id=\"http:\/\/stahlhandel-glauninger.at\/?page_id=155\">Bilder<\/a><\/p>\n<\/div>\n<\/div>\n\n\n\n<div class=\"wp-block-columns\">\n<div class=\"wp-block-column\" style=\"flex-basis:33.33%\">\n<p>Blechanarbeitung:<\/p>\n<\/div>\n\n\n\n<div class=\"wp-block-column\" style=\"flex-basis:66.66%\">\n<p><a href=\"http:\/\/stahlhandel-glauninger.at\/?page_id=174\" data-type=\"URL\" data-id=\"http:\/\/stahlhandel-glauninger.at\/?page_id=174\">Bilder<\/a><\/p>\n<\/div>\n<\/div>\n\n\n\n<div class=\"wp-block-columns\">\n<div class=\"wp-block-column\" style=\"flex-basis:33.33%\">\n<p>L\u00e4rmschutzw\u00e4nde:<\/p>\n<\/div>\n\n\n\n<div class=\"wp-block-column\" style=\"flex-basis:66.66%\">\n<p><a href=\"http:\/\/stahlhandel-glauninger.at\/?page_id=195\" data-type=\"URL\" data-id=\"http:\/\/stahlhandel-glauninger.at\/?page_id=195\">Bilder<\/a><\/p>\n<\/div>\n<\/div>\n\n\n\n<div class=\"wp-block-columns\">\n<div class=\"wp-block-column\" style=\"flex-basis:33.33%\">\n<p>Paneele:<\/p>\n<\/div>\n\n\n\n<div class=\"wp-block-column\" style=\"flex-basis:66.66%\">\n<p><a href=\"http:\/\/stahlhandel-glauninger.at\/?page_id=200\" data-type=\"URL\" data-id=\"http:\/\/stahlhandel-glauninger.at\/?page_id=200\">Bilder<\/a><\/p>\n<\/div>\n<\/div>\n\n\n\n<div class=\"wp-block-columns\">\n<div class=\"wp-block-column\" style=\"flex-basis:33.33%\">\n<p>Carports:<\/p>\n<\/div>\n\n\n\n<div class=\"wp-block-column\" style=\"flex-basis:66.66%\">\n<p><a href=\"http:\/\/stahlhandel-glauninger.at\/?page_id=218\" data-type=\"URL\" data-id=\"http:\/\/stahlhandel-glauninger.at\/?page_id=218\">Bilder<\/a><\/p>\n<\/div>\n<\/div>\n\n\n\n<div class=\"wp-block-columns\">\n<div class=\"wp-block-column\" style=\"flex-basis:33.33%\">\n<p>Sichtschutzz\u00e4une:<\/p>\n\n\n\n<p>Hochbeet:<\/p>\n\n\n\n<p>Steink\u00f6rbe:<\/p>\n<\/div>\n\n\n\n<div class=\"wp-block-column\" style=\"flex-basis:66.66%\">\n<p><a href=\"http:\/\/stahlhandel-glauninger.at\/?page_id=240\" data-type=\"URL\" data-id=\"http:\/\/stahlhandel-glauninger.at\/?page_id=240\">Bilder<\/a><\/p>\n\n\n\n<p><a href=\"http:\/\/stahlhandel-glauninger.at\/?page_id=490\">Bilder<\/a><\/p>\n\n\n\n<p><a href=\"http:\/\/stahlhandel-glauninger.at\/?page_id=518\">Bilder<\/a><\/p>\n<\/div>\n<\/div>\n\n\n\n<div class=\"wp-block-columns\">\n<div class=\"wp-block-column\" style=\"flex-basis:33.33%\">\n<p>\u00dcberdachung:<\/p>\n<\/div>\n\n\n\n<div class=\"wp-block-column\" style=\"flex-basis:66.66%\">\n<p><a href=\"http:\/\/stahlhandel-glauninger.at\/?page_id=313\" data-type=\"URL\" data-id=\"http:\/\/stahlhandel-glauninger.at\/?page_id=313\">Bilder<\/a><\/p>\n<\/div>\n<\/div>\n\n\n\n<div class=\"wp-block-columns\">\n<div class=\"wp-block-column\" style=\"flex-basis:33.33%\">\n<p>Edelstahl:<\/p>\n\n\n\n<p>Stehtische:<\/p>\n\n\n\n<p>Gartengestaltung \/ Cortenstahl<\/p>\n<\/div>\n\n\n\n<div class=\"wp-block-column\" style=\"flex-basis:66.66%\">\n<p><a href=\"http:\/\/stahlhandel-glauninger.at\/?page_id=327\" data-type=\"URL\" data-id=\"http:\/\/stahlhandel-glauninger.at\/?page_id=327\">Bilder<\/a><\/p>\n\n\n\n<p><a href=\"http:\/\/stahlhandel-glauninger.at\/?page_id=537\">Bilder<\/a><\/p>\n\n\n\n<p><a href=\"http:\/\/stahlhandel-glauninger.at\/?page_id=460\">Bilder <\/a><\/p>\n<\/div>\n<\/div>\n\n\n\n<p><\/p>\n","protected":false},"excerpt":{"rendered":"<p>Stahlkonstruktion: Bilder Hallenbau: Bilder Maschinenbauteil: Bilder k\u00fcnstliche Murinseln: Bilder Blechanarbeitung: Bilder L\u00e4rmschutzw\u00e4nde: Bilder Paneele: Bilder Carports: Bilder Sichtschutzz\u00e4une: Hochbeet: Steink\u00f6rbe: Bilder Bilder Bilder \u00dcberdachung: Bilder Edelstahl: Stehtische: Gartengestaltung \/ Cortenstahl Bilder Bilder Bilder<\/p>\n","protected":false},"author":1,"featured_media":0,"parent":2,"menu_order":0,"comment_status":"closed","ping_status":"closed","template":"","meta":[],"_links":{"self":[{"href":"http:\/\/stahlhandel-glauninger.at\/index.php?rest_route=\/wp\/v2\/pages\/33"}],"collection":[{"href":"http:\/\/stahlhandel-glauninger.at\/index.php?rest_route=\/wp\/v2\/pages"}],"about":[{"href":"http:\/\/stahlhandel-glauninger.at\/index.php?rest_route=\/wp\/v2\/types\/page"}],"author":[{"embeddable":true,"href":"http:\/\/stahlhandel-glauninger.at\/index.php?rest_route=\/wp\/v2\/users\/1"}],"replies":[{"embeddable":true,"href":"http:\/\/stahlhandel-glauninger.at\/index.php?rest_route=%2Fwp%2Fv2%2Fcomments&post=33"}],"version-history":[{"count":24,"href":"http:\/\/stahlhandel-glauninger.at\/index.php?rest_route=\/wp\/v2\/pages\/33\/revisions"}],"predecessor-version":[{"id":540,"href":"http:\/\/stahlhandel-glauninger.at\/index.php?rest_route=\/wp\/v2\/pages\/33\/revisions\/540"}],"up":[{"embeddable":true,"href":"http:\/\/stahlhandel-glauninger.at\/index.php?rest_route=\/wp\/v2\/pages\/2"}],"wp:attachment":[{"href":"http:\/\/stahlhandel-glauninger.at\/index.php?rest_route=%2Fwp%2Fv2%2Fmedia&parent=33"}],"curies":[{"name":"wp","href":"https:\/\/api.w.org\/{rel}","templated":true}]}}